{"id":107,"date":"2024-03-14T11:32:29","date_gmt":"2024-03-14T11:32:29","guid":{"rendered":"https:\/\/biconet.eu\/\/biconet-unternehmen-modernisieren-sich-und-werden-durch-ki-nachhaltiger\/"},"modified":"2024-10-02T09:50:57","modified_gmt":"2024-10-02T09:50:57","slug":"biconet-unternehmen-modernisieren-sich-und-werden-durch-ki-nachhaltiger","status":"publish","type":"page","link":"https:\/\/biconet.eu\/de\/biconet-unternehmen-modernisieren-sich-und-werden-durch-ki-nachhaltiger\/","title":{"rendered":"Innovation und k\u00fcnstliche Intelligenz"},"content":{"rendered":"","protected":false},"excerpt":{"rendered":"","protected":false},"author":1,"featured_media":0,"parent":0,"menu_order":0,"comment_status":"open","ping_status":"open","template":"","meta":{"_acf_changed":false},"class_list":["post-107","page","type-page","status-publish","hentry"],"acf":[],"yoast_head":"<!-- This site is optimized with the Yoast SEO plugin v27.2 - https:\/\/yoast.com\/product\/yoast-seo-wordpress\/ -->\n<title>BiCoNet | Unternehmen modernisieren sich und werden durch KI nachhaltiger<\/title>\n<meta name=\"description\" content=\"Unterst\u00fctzung von Unternehmen bei der Erforschung von M\u00f6glichkeiten zur Verringerung des CO2-Fu\u00dfabdrucks durch k\u00fcnstliche Intelligenz.\" \/>\n<meta name=\"robots\" content=\"index, follow, max-snippet:-1, max-image-preview:large, max-video-preview:-1\" \/>\n<link rel=\"canonical\" href=\"https:\/\/biconet.eu\/de\/biconet-unternehmen-modernisieren-sich-und-werden-durch-ki-nachhaltiger\/\" \/>\n<meta property=\"og:locale\" content=\"de_DE\" \/>\n<meta property=\"og:type\" content=\"article\" \/>\n<meta property=\"og:title\" content=\"BiCoNet | Unternehmen modernisieren sich und werden durch KI nachhaltiger\" \/>\n<meta property=\"og:description\" content=\"Unterst\u00fctzung von Unternehmen bei der Erforschung von M\u00f6glichkeiten zur Verringerung des CO2-Fu\u00dfabdrucks durch k\u00fcnstliche Intelligenz.\" \/>\n<meta property=\"og:url\" content=\"https:\/\/biconet.eu\/de\/biconet-unternehmen-modernisieren-sich-und-werden-durch-ki-nachhaltiger\/\" \/>\n<meta property=\"og:site_name\" content=\"BiCoNet\" \/>\n<meta property=\"article:modified_time\" content=\"2024-10-02T09:50:57+00:00\" \/>\n<meta property=\"og:image\" content=\"https:\/\/biconet.eu\/wp-content\/uploads\/2024\/05\/img_biconet_social-300x300.webp\" \/>\n<meta name=\"twitter:card\" content=\"summary_large_image\" \/>\n<script type=\"application\/ld+json\" class=\"yoast-schema-graph\">{\"@context\":\"https:\/\/schema.org\",\"@graph\":[{\"@type\":\"WebPage\",\"@id\":\"https:\/\/biconet.eu\/de\/biconet-unternehmen-modernisieren-sich-und-werden-durch-ki-nachhaltiger\/\",\"url\":\"https:\/\/biconet.eu\/de\/biconet-unternehmen-modernisieren-sich-und-werden-durch-ki-nachhaltiger\/\",\"name\":\"BiCoNet | Unternehmen modernisieren sich und werden durch KI nachhaltiger\",\"isPartOf\":{\"@id\":\"https:\/\/biconet.eu\/de\/#website\"},\"datePublished\":\"2024-03-14T11:32:29+00:00\",\"dateModified\":\"2024-10-02T09:50:57+00:00\",\"description\":\"Unterst\u00fctzung von Unternehmen bei der Erforschung von M\u00f6glichkeiten zur Verringerung des CO2-Fu\u00dfabdrucks durch k\u00fcnstliche Intelligenz.\",\"breadcrumb\":{\"@id\":\"https:\/\/biconet.eu\/de\/biconet-unternehmen-modernisieren-sich-und-werden-durch-ki-nachhaltiger\/#breadcrumb\"},\"inLanguage\":\"de\",\"potentialAction\":[{\"@type\":\"ReadAction\",\"target\":[\"https:\/\/biconet.eu\/de\/biconet-unternehmen-modernisieren-sich-und-werden-durch-ki-nachhaltiger\/\"]}]},{\"@type\":\"BreadcrumbList\",\"@id\":\"https:\/\/biconet.eu\/de\/biconet-unternehmen-modernisieren-sich-und-werden-durch-ki-nachhaltiger\/#breadcrumb\",\"itemListElement\":[{\"@type\":\"ListItem\",\"position\":1,\"name\":\"Home\",\"item\":\"https:\/\/biconet.eu\/de\/biconet-unternehmen-modernisieren-sich-und-werden-durch-ki-nachhaltiger-2\/\"},{\"@type\":\"ListItem\",\"position\":2,\"name\":\"Innovation und k\u00fcnstliche Intelligenz\"}]},{\"@type\":\"WebSite\",\"@id\":\"https:\/\/biconet.eu\/de\/#website\",\"url\":\"https:\/\/biconet.eu\/de\/\",\"name\":\"BiCoNet\",\"description\":\"\",\"publisher\":{\"@id\":\"https:\/\/biconet.eu\/de\/#organization\"},\"potentialAction\":[{\"@type\":\"SearchAction\",\"target\":{\"@type\":\"EntryPoint\",\"urlTemplate\":\"https:\/\/biconet.eu\/de\/?s={search_term_string}\"},\"query-input\":{\"@type\":\"PropertyValueSpecification\",\"valueRequired\":true,\"valueName\":\"search_term_string\"}}],\"inLanguage\":\"de\"},{\"@type\":\"Organization\",\"@id\":\"https:\/\/biconet.eu\/de\/#organization\",\"name\":\"BiCoNet\",\"url\":\"https:\/\/biconet.eu\/de\/\",\"logo\":{\"@type\":\"ImageObject\",\"inLanguage\":\"de\",\"@id\":\"https:\/\/biconet.eu\/de\/#\/schema\/logo\/image\/\",\"url\":\"https:\/\/biconet.eu\/\/\/wp-content\/uploads\/2024\/03\/logo_biconet.webp\",\"contentUrl\":\"https:\/\/biconet.eu\/\/\/wp-content\/uploads\/2024\/03\/logo_biconet.webp\",\"width\":298,\"height\":118,\"caption\":\"BiCoNet\"},\"image\":{\"@id\":\"https:\/\/biconet.eu\/de\/#\/schema\/logo\/image\/\"}}]}<\/script>\n<!-- \/ Yoast SEO plugin. -->","yoast_head_json":{"title":"BiCoNet | Unternehmen modernisieren sich und werden durch KI nachhaltiger","description":"Unterst\u00fctzung von Unternehmen bei der Erforschung von M\u00f6glichkeiten zur Verringerung des CO2-Fu\u00dfabdrucks durch k\u00fcnstliche Intelligenz.","robots":{"index":"index","follow":"follow","max-snippet":"max-snippet:-1","max-image-preview":"max-image-preview:large","max-video-preview":"max-video-preview:-1"},"canonical":"https:\/\/biconet.eu\/de\/biconet-unternehmen-modernisieren-sich-und-werden-durch-ki-nachhaltiger\/","og_locale":"de_DE","og_type":"article","og_title":"BiCoNet | Unternehmen modernisieren sich und werden durch KI nachhaltiger","og_description":"Unterst\u00fctzung von Unternehmen bei der Erforschung von M\u00f6glichkeiten zur Verringerung des CO2-Fu\u00dfabdrucks durch k\u00fcnstliche Intelligenz.","og_url":"https:\/\/biconet.eu\/de\/biconet-unternehmen-modernisieren-sich-und-werden-durch-ki-nachhaltiger\/","og_site_name":"BiCoNet","article_modified_time":"2024-10-02T09:50:57+00:00","og_image":[{"url":"https:\/\/biconet.eu\/wp-content\/uploads\/2024\/05\/img_biconet_social-300x300.webp","type":"","width":"","height":""}],"twitter_card":"summary_large_image","schema":{"@context":"https:\/\/schema.org","@graph":[{"@type":"WebPage","@id":"https:\/\/biconet.eu\/de\/biconet-unternehmen-modernisieren-sich-und-werden-durch-ki-nachhaltiger\/","url":"https:\/\/biconet.eu\/de\/biconet-unternehmen-modernisieren-sich-und-werden-durch-ki-nachhaltiger\/","name":"BiCoNet | Unternehmen modernisieren sich und werden durch KI nachhaltiger","isPartOf":{"@id":"https:\/\/biconet.eu\/de\/#website"},"datePublished":"2024-03-14T11:32:29+00:00","dateModified":"2024-10-02T09:50:57+00:00","description":"Unterst\u00fctzung von Unternehmen bei der Erforschung von M\u00f6glichkeiten zur Verringerung des CO2-Fu\u00dfabdrucks durch k\u00fcnstliche Intelligenz.","breadcrumb":{"@id":"https:\/\/biconet.eu\/de\/biconet-unternehmen-modernisieren-sich-und-werden-durch-ki-nachhaltiger\/#breadcrumb"},"inLanguage":"de","potentialAction":[{"@type":"ReadAction","target":["https:\/\/biconet.eu\/de\/biconet-unternehmen-modernisieren-sich-und-werden-durch-ki-nachhaltiger\/"]}]},{"@type":"BreadcrumbList","@id":"https:\/\/biconet.eu\/de\/biconet-unternehmen-modernisieren-sich-und-werden-durch-ki-nachhaltiger\/#breadcrumb","itemListElement":[{"@type":"ListItem","position":1,"name":"Home","item":"https:\/\/biconet.eu\/de\/biconet-unternehmen-modernisieren-sich-und-werden-durch-ki-nachhaltiger-2\/"},{"@type":"ListItem","position":2,"name":"Innovation und k\u00fcnstliche Intelligenz"}]},{"@type":"WebSite","@id":"https:\/\/biconet.eu\/de\/#website","url":"https:\/\/biconet.eu\/de\/","name":"BiCoNet","description":"","publisher":{"@id":"https:\/\/biconet.eu\/de\/#organization"},"potentialAction":[{"@type":"SearchAction","target":{"@type":"EntryPoint","urlTemplate":"https:\/\/biconet.eu\/de\/?s={search_term_string}"},"query-input":{"@type":"PropertyValueSpecification","valueRequired":true,"valueName":"search_term_string"}}],"inLanguage":"de"},{"@type":"Organization","@id":"https:\/\/biconet.eu\/de\/#organization","name":"BiCoNet","url":"https:\/\/biconet.eu\/de\/","logo":{"@type":"ImageObject","inLanguage":"de","@id":"https:\/\/biconet.eu\/de\/#\/schema\/logo\/image\/","url":"https:\/\/biconet.eu\/\/\/wp-content\/uploads\/2024\/03\/logo_biconet.webp","contentUrl":"https:\/\/biconet.eu\/\/\/wp-content\/uploads\/2024\/03\/logo_biconet.webp","width":298,"height":118,"caption":"BiCoNet"},"image":{"@id":"https:\/\/biconet.eu\/de\/#\/schema\/logo\/image\/"}}]}},"_links":{"self":[{"href":"https:\/\/biconet.eu\/de\/wp-json\/wp\/v2\/pages\/107","targetHints":{"allow":["GET"]}}],"collection":[{"href":"https:\/\/biconet.eu\/de\/wp-json\/wp\/v2\/pages"}],"about":[{"href":"https:\/\/biconet.eu\/de\/wp-json\/wp\/v2\/types\/page"}],"author":[{"embeddable":true,"href":"https:\/\/biconet.eu\/de\/wp-json\/wp\/v2\/users\/1"}],"replies":[{"embeddable":true,"href":"https:\/\/biconet.eu\/de\/wp-json\/wp\/v2\/comments?post=107"}],"version-history":[{"count":4,"href":"https:\/\/biconet.eu\/de\/wp-json\/wp\/v2\/pages\/107\/revisions"}],"predecessor-version":[{"id":402,"href":"https:\/\/biconet.eu\/de\/wp-json\/wp\/v2\/pages\/107\/revisions\/402"}],"wp:attachment":[{"href":"https:\/\/biconet.eu\/de\/wp-json\/wp\/v2\/media?parent=107"}],"curies":[{"name":"wp","href":"https:\/\/api.w.org\/{rel}","templated":true}]}}